{"id":80,"date":"2021-01-22T18:21:54","date_gmt":"2021-01-22T17:21:54","guid":{"rendered":"http:\/\/lindebrand.dk.linux369.unoeuro-server.com\/index.php\/forside\/"},"modified":"2023-03-06T08:13:52","modified_gmt":"2023-03-06T07:13:52","slug":"forside","status":"publish","type":"page","link":"https:\/\/lindebrand.dk\/","title":{"rendered":"Forside"},"content":{"rendered":"\n<div class=\"wp-block-columns is-layout-flex wp-container-core-columns-is-layout-9d6595d7 wp-block-columns-is-layout-flex\">\n<div class=\"wp-block-column is-layout-flow wp-block-column-is-layout-flow\" style=\"flex-basis:100%\">\n<div class=\"wp-block-columns is-layout-flex wp-container-core-columns-is-layout-9d6595d7 wp-block-columns-is-layout-flex\">\n<div class=\"wp-block-column is-layout-flow wp-block-column-is-layout-flow\" style=\"flex-basis:33.33%\">\n<figure class=\"wp-block-image size-large\"><img loading=\"lazy\" decoding=\"async\" width=\"320\" height=\"213\" src=\"https:\/\/lindebrand.dk.linux369.unoeuro-server.com\/wp-content\/uploads\/2021\/01\/FORSIDE-Firma1.jpg\" alt=\"\" class=\"wp-image-92\" srcset=\"https:\/\/lindebrand.dk\/wp-content\/uploads\/2021\/01\/FORSIDE-Firma1.jpg 320w, https:\/\/lindebrand.dk\/wp-content\/uploads\/2021\/01\/FORSIDE-Firma1-300x200.jpg 300w\" sizes=\"auto, (max-width: 320px) 100vw, 320px\" \/><\/figure>\n<\/div>\n\n\n\n<div class=\"wp-block-column is-layout-flow wp-block-column-is-layout-flow\" style=\"flex-basis:66.66%\">\n<p>LINDE BRANDMATERIEL har med mere end 40 \u00e5r i branchen erhvervet stor ekspertise indenfor det brandtekniske omr\u00e5de, og vi er ansete specialister indenfor brandmateriel og sikkerhedsudstyr. Virksomheden er i \u00e5renes l\u00f8b vokset, og vi har nu forhandlere i hele landet, i Gr\u00f8nland og p\u00e5 F\u00e6r\u00f8erne.<\/p>\n\n\n\n<p>Vi leverer, installerer og servicerer s\u00e5 godt som alt indenfor brandteknisk materiel og sikkerheds udstyr \u2013 s\u00e5som brandbek\u00e6mpelsesudstyr, beredskabsmateriel, f\u00f8rstehj\u00e6lpsudstyr og meget andet. Vi r\u00e5der over ekspertise indenfor station\u00e6re slukningsanl\u00e6g, b\u00e5de til maritimt brug og til brug p\u00e5 landjorden, og vi leverer og monterer automatiske brandd\u00f8r luknings anl\u00e6g (ABDL-anl\u00e6g) og varslingsanl\u00e6g.<\/p>\n\n\n\n<p>LINDE BRANDMATERIEL tilbyder r\u00e5dgivning om &#8211; og teknisk bistand til udarbejdelse af flugtvejs- og evakueringsplaner p\u00e5 din arbejdsplads\/virksomhed.<\/p>\n\n\n\n<p>Vi underviser i element\u00e6r brandbek\u00e6mpelse, i f\u00f8rstehj\u00e6lp, i brug af hjertestartere og meget andet, og vi er leveringsdygtige i alt indenfor f\u00f8rstehj\u00e6lpsudstyr og sikkerheds- og v\u00e6rnemidler.<\/p>\n\n\n\n<p>Vi har et landsd\u00e6kkende net af service-teknikere, der kan betjene vore kunder d\u00f8gnet rundt. Vort v\u00e6rksted er godkendt efter danske standarder (DS-godkendt) med vore egne anl\u00e6g til opladning og trykpr\u00f8vning af alle typer h\u00e5ndildslukkere og anl\u00e6gsflasker m.m.<\/p>\n\n\n\n<p>LINDE BRANDMATERIEL er leverand\u00f8r til det danske folk; til stat og kommune, til beredskabs afdelinger og brandv\u00e6sener, til industrien, s\u00f8farten, forsvaret og mange andre \u2013 og ogs\u00e5 gerne til dig og din arbejdsplads eller virksomhed.<\/p>\n<\/div>\n<\/div>\n\n\n\n<div class=\"wp-block-group\"><div class=\"wp-block-group__inner-container is-layout-flow wp-block-group-is-layout-flow\"><\/div><\/div>\n<\/div>\n<\/div>\n","protected":false},"excerpt":{"rendered":"<p>LINDE BRANDMATERIEL har med mere end 40 \u00e5r i branchen erhvervet stor ekspertise indenfor det brandtekniske omr\u00e5de, og vi er ansete specialister indenfor brandmateriel og sikkerhedsudstyr. Virksomheden er i \u00e5renes l\u00f8b vokset, og vi har nu forhandlere i hele landet, i Gr\u00f8nland og p\u00e5 F\u00e6r\u00f8erne. Vi leverer, installerer og servicerer s\u00e5 godt som alt indenfor [&hellip;]<\/p>\n","protected":false},"author":1,"featured_media":0,"parent":0,"menu_order":0,"comment_status":"closed","ping_status":"closed","template":"template-fullwidth.php","meta":{"_themeisle_gutenberg_block_has_review":false,"footnotes":""},"class_list":["post-80","page","type-page","status-publish","hentry"],"jetpack_sharing_enabled":true,"_links":{"self":[{"href":"https:\/\/lindebrand.dk\/index.php\/wp-json\/wp\/v2\/pages\/80","targetHints":{"allow":["GET"]}}],"collection":[{"href":"https:\/\/lindebrand.dk\/index.php\/wp-json\/wp\/v2\/pages"}],"about":[{"href":"https:\/\/lindebrand.dk\/index.php\/wp-json\/wp\/v2\/types\/page"}],"author":[{"embeddable":true,"href":"https:\/\/lindebrand.dk\/index.php\/wp-json\/wp\/v2\/users\/1"}],"replies":[{"embeddable":true,"href":"https:\/\/lindebrand.dk\/index.php\/wp-json\/wp\/v2\/comments?post=80"}],"version-history":[{"count":14,"href":"https:\/\/lindebrand.dk\/index.php\/wp-json\/wp\/v2\/pages\/80\/revisions"}],"predecessor-version":[{"id":652,"href":"https:\/\/lindebrand.dk\/index.php\/wp-json\/wp\/v2\/pages\/80\/revisions\/652"}],"wp:attachment":[{"href":"https:\/\/lindebrand.dk\/index.php\/wp-json\/wp\/v2\/media?parent=80"}],"curies":[{"name":"wp","href":"https:\/\/api.w.org\/{rel}","templated":true}]}}